{"id":250,"date":"2025-02-17T20:54:04","date_gmt":"2025-02-17T20:54:04","guid":{"rendered":"https:\/\/statestrustfinance.com\/?page_id=250"},"modified":"2025-10-06T13:05:19","modified_gmt":"2025-10-06T13:05:19","slug":"a-propos-de-nous","status":"publish","type":"page","link":"https:\/\/kredit.statestrustfinance.com\/index.php\/a-propos-de-nous\/","title":{"rendered":"\u00dcber uns"},"content":{"rendered":"\t\t<div data-elementor-type=\"wp-page\" data-elementor-id=\"250\" class=\"elementor elementor-250\" data-elementor-post-type=\"page\">\n\t\t\t\t<div class=\"elementor-element elementor-element-6bc9d1b e-con-full e-flex e-con e-parent\" data-id=\"6bc9d1b\" data-element_type=\"container\">\n\t\t\t\t<div class=\"elementor-element elementor-element-00928e4 elementor-widget elementor-widget-video\" data-id=\"00928e4\" data-element_type=\"widget\" data-settings=\"{&quot;video_type&quot;:&quot;hosted&quot;,&quot;mute&quot;:&quot;yes&quot;,&quot;loop&quot;:&quot;yes&quot;,&quot;autoplay&quot;:&quot;yes&quot;,&quot;controls&quot;:&quot;yes&quot;}\" data-widget_type=\"video.default\">\n\t\t\t\t<div class=\"elementor-widget-container\">\n\t\t\t\t\t\t\t<div class=\"e-hosted-video elementor-wrapper elementor-open-inline\">\n\t\t\t\t\t<video class=\"elementor-video\" src=\"https:\/\/kredit.statestrustfinance.com\/files\/2025\/02\/c19-collection-hero-3-11-1-h264-2040.mp4\" autoplay=\"\" loop=\"\" controls=\"\" muted=\"muted\" controlsList=\"nodownload\"><\/video>\n\t\t\t\t<\/div>\n\t\t\t\t\t\t<\/div>\n\t\t\t\t<\/div>\n\t\t\t\t<\/div>\n\t\t<div class=\"elementor-element elementor-element-5f04155 e-con-full e-flex e-con e-parent\" data-id=\"5f04155\" data-element_type=\"container\">\n\t\t\t\t<div class=\"elementor-element elementor-element-e2b3549 elementor-widget elementor-widget-spacer\" data-id=\"e2b3549\" data-element_type=\"widget\" data-widget_type=\"spacer.default\">\n\t\t\t\t<div class=\"elementor-widget-container\">\n\t\t\t\t\t\t\t<div class=\"elementor-spacer\">\n\t\t\t<div class=\"elementor-spacer-inner\"><\/div>\n\t\t<\/div>\n\t\t\t\t\t\t<\/div>\n\t\t\t\t<\/div>\n\t\t\t\t<\/div>\n\t\t<div class=\"elementor-element elementor-element-a6357c0 e-flex e-con-boxed e-con e-parent\" data-id=\"a6357c0\" data-element_type=\"container\">\n\t\t\t\t\t<div class=\"e-con-inner\">\n\t\t\t\t<div class=\"elementor-element elementor-element-4e6bb3e elementor-widget elementor-widget-text-editor\" data-id=\"4e6bb3e\" data-element_type=\"widget\" data-widget_type=\"text-editor.default\">\n\t\t\t\t<div class=\"elementor-widget-container\">\n\t\t\t\t\t\t\t\t\t<h3 data-start=\"69\" data-end=\"109\">Une histoire qui parle d\u2019elle-m\u00eame<\/h3><p data-start=\"111\" data-end=\"717\"><strong data-start=\"111\" data-end=\"134\">State Trust Finance<\/strong> est une institution financi\u00e8re internationale dirig\u00e9e par un grand financier hongrois, en partenariat avec un groupe d\u2019experts reconnus dans les domaines de la finance, de l\u2019innovation, du financement de projets, de la gouvernance, de la gestion et du leadership. Gr\u00e2ce \u00e0 son expertise, <strong data-start=\"422\" data-end=\"445\">State Trust Finance<\/strong> intervient dans divers secteurs, notamment : les pr\u00eats, les investissements, le capital-risque, le capital-investissement, la dette, les titres financiers, la banque d\u2019investissement, ainsi que la vente d\u2019engins de construction neufs et d\u2019occasion \u00e0 l\u2019\u00e9chelle mondiale.<\/p><p data-start=\"719\" data-end=\"1068\">Depuis sa cr\u00e9ation, l\u2019\u00e9quipe s\u2019engage \u00e0 proposer des solutions de financement innovantes, aussi bien pour les particuliers que pour les entreprises. Elle accompagne notamment ces derni\u00e8res dans leurs introductions en bourse, leur offrant un soutien strat\u00e9gique au moment o\u00f9 elles en ont besoin, et pas seulement lorsqu\u2019elles rencontrent du succ\u00e8s.<\/p><p data-start=\"1070\" data-end=\"1550\"><strong data-start=\"1070\" data-end=\"1093\">State Trust Finance<\/strong> conseille une client\u00e8le vari\u00e9e, compos\u00e9e d\u2019entreprises nationales et internationales bas\u00e9es en Hongrie, Suisse, Allemagne, Autriche, Mongolie et ailleurs. Ses services couvrent plusieurs domaines tels que la banque, la finance, le droit des soci\u00e9t\u00e9s, la structuration et restructuration financi\u00e8re, ainsi que les conseils juridiques aux institutions financi\u00e8res, aux investisseurs en capital-investissement et en capital-risque, et aux fonds sp\u00e9culatifs.<\/p><p data-start=\"1552\" data-end=\"1656\"><strong data-start=\"1552\" data-end=\"1654\">\u00ab Nous sommes \u00e0 votre \u00e9coute pour vous apporter des solutions adapt\u00e9es \u00e0 vos besoins financiers. \u00bb<\/strong><\/p>\t\t\t\t\t\t\t\t<\/div>\n\t\t\t\t<\/div>\n\t\t\t\t\t<\/div>\n\t\t\t\t<\/div>\n\t\t<div class=\"elementor-element elementor-element-8cfb622 e-flex e-con-boxed e-con e-parent\" data-id=\"8cfb622\" data-element_type=\"container\">\n\t\t\t\t\t<div class=\"e-con-inner\">\n\t\t\t\t<div class=\"elementor-element elementor-element-ba7cb2d elementor-button-success elementor-align-center elementor-widget elementor-widget-button\" data-id=\"ba7cb2d\" data-element_type=\"widget\" data-widget_type=\"button.default\">\n\t\t\t\t<div class=\"elementor-widget-container\">\n\t\t\t\t\t\t\t\t\t<div class=\"elementor-button-wrapper\">\n\t\t\t\t\t<a class=\"elementor-button elementor-button-link elementor-size-sm\" href=\"https:\/\/kredit.statestrustfinance.com\/index.php\/demande-de-pret\/\">\n\t\t\t\t\t\t<span class=\"elementor-button-content-wrapper\">\n\t\t\t\t\t\t\t\t\t<span class=\"elementor-button-text\">Demander un cr\u00e9dit<\/span>\n\t\t\t\t\t<\/span>\n\t\t\t\t\t<\/a>\n\t\t\t\t<\/div>\n\t\t\t\t\t\t\t\t<\/div>\n\t\t\t\t<\/div>\n\t\t\t\t\t<\/div>\n\t\t\t\t<\/div>\n\t\t\t\t<\/div>\n\t\t","protected":false},"excerpt":{"rendered":"<p>https:\/\/kredit.statestrustfinance.com\/files\/2025\/02\/c19-collection-hero-3-11-1-h264-2040.mp4 Une histoire qui parle d\u2019elle-m\u00eame State Trust Finance est une institution financi\u00e8re internationale dirig\u00e9e par un grand financier hongrois, [&hellip;]<\/p>\n","protected":false},"author":1,"featured_media":0,"parent":0,"menu_order":0,"comment_status":"closed","ping_status":"closed","template":"","meta":{"site-sidebar-layout":"no-sidebar","site-content-layout":"","ast-site-content-layout":"full-width-container","site-content-style":"default","site-sidebar-style":"default","ast-global-header-display":"","ast-banner-title-visibility":"","ast-main-header-display":"","ast-hfb-above-header-display":"","ast-hfb-below-header-display":"","ast-hfb-mobile-header-display":"","site-post-title":"disabled","ast-breadcrumbs-content":"","ast-featured-img":"disabled","footer-sml-layout":"","theme-transparent-header-meta":"default","adv-header-id-meta":"","stick-header-meta":"","header-above-stick-meta":"","header-main-stick-meta":"","header-below-stick-meta":"","astra-migrate-meta-layouts":"set","ast-page-background-enabled":"default","ast-page-background-meta":{"desktop":{"background-color":"var(--ast-global-color-5)","background-image":"","background-repeat":"repeat","background-position":"center center","background-size":"auto","background-attachment":"scroll","background-type":"","background-media":"","overlay-type":"","overlay-color":"","overlay-opacity":"","overlay-gradient":""},"tablet":{"background-color":"","background-image":"","background-repeat":"repeat","background-position":"center center","background-size":"auto","background-attachment":"scroll","background-type":"","background-media":"","overlay-type":"","overlay-color":"","overlay-opacity":"","overlay-gradient":""},"mobile":{"background-color":"","background-image":"","background-repeat":"repeat","background-position":"center center","background-size":"auto","background-attachment":"scroll","background-type":"","background-media":"","overlay-type":"","overlay-color":"","overlay-opacity":"","overlay-gradient":""}},"ast-content-background-meta":{"desktop":{"background-color":"var(--ast-global-color-4)","background-image":"","background-repeat":"repeat","background-position":"center center","background-size":"auto","background-attachment":"scroll","background-type":"","background-media":"","overlay-type":"","overlay-color":"","overlay-opacity":"","overlay-gradient":""},"tablet":{"background-color":"var(--ast-global-color-4)","background-image":"","background-repeat":"repeat","background-position":"center center","background-size":"auto","background-attachment":"scroll","background-type":"","background-media":"","overlay-type":"","overlay-color":"","overlay-opacity":"","overlay-gradient":""},"mobile":{"background-color":"var(--ast-global-color-4)","background-image":"","background-repeat":"repeat","background-position":"center center","background-size":"auto","background-attachment":"scroll","background-type":"","background-media":"","overlay-type":"","overlay-color":"","overlay-opacity":"","overlay-gradient":""}},"footnotes":""},"class_list":["post-250","page","type-page","status-publish","hentry"],"_links":{"self":[{"href":"https:\/\/kredit.statestrustfinance.com\/index.php\/wp-json\/wp\/v2\/pages\/250","targetHints":{"allow":["GET"]}}],"collection":[{"href":"https:\/\/kredit.statestrustfinance.com\/index.php\/wp-json\/wp\/v2\/pages"}],"about":[{"href":"https:\/\/kredit.statestrustfinance.com\/index.php\/wp-json\/wp\/v2\/types\/page"}],"author":[{"embeddable":true,"href":"https:\/\/kredit.statestrustfinance.com\/index.php\/wp-json\/wp\/v2\/users\/1"}],"replies":[{"embeddable":true,"href":"https:\/\/kredit.statestrustfinance.com\/index.php\/wp-json\/wp\/v2\/comments?post=250"}],"version-history":[{"count":23,"href":"https:\/\/kredit.statestrustfinance.com\/index.php\/wp-json\/wp\/v2\/pages\/250\/revisions"}],"predecessor-version":[{"id":389,"href":"https:\/\/kredit.statestrustfinance.com\/index.php\/wp-json\/wp\/v2\/pages\/250\/revisions\/389"}],"wp:attachment":[{"href":"https:\/\/kredit.statestrustfinance.com\/index.php\/wp-json\/wp\/v2\/media?parent=250"}],"curies":[{"name":"wp","href":"https:\/\/api.w.org\/{rel}","templated":true}]}}